{"id":3670,"date":"2024-08-30T15:15:02","date_gmt":"2024-08-30T13:15:02","guid":{"rendered":"https:\/\/ho8qv0bkmjo.preview.infomaniak.website\/my-favorite-products\/"},"modified":"2024-12-10T12:59:20","modified_gmt":"2024-12-10T11:59:20","slug":"my-favorite-products","status":"publish","type":"page","link":"https:\/\/www.parla-trading.com\/en\/my-favorite-products\/","title":{"rendered":"My favorite products"},"content":{"rendered":"\t\t<div data-elementor-type=\"wp-page\" data-elementor-id=\"3670\" class=\"elementor elementor-3670 elementor-1354\" data-elementor-post-type=\"page\">\n\t\t\t\t<div class=\"elementor-element elementor-element-e541f55 e-con-full e-flex e-con e-parent\" data-id=\"e541f55\" data-element_type=\"container\">\n\t\t\t\t<div class=\"elementor-element elementor-element-fc63022 elementor-widget elementor-widget-image\" data-id=\"fc63022\" data-element_type=\"widget\" data-widget_type=\"image.default\">\n\t\t\t\t<div class=\"elementor-widget-container\">\n\t\t\t\t\t\t\t\t\t\t\t\t\t\t\t<img fetchpriority=\"high\" decoding=\"async\" width=\"1920\" height=\"280\" src=\"https:\/\/www.parla-trading.com\/wp-content\/uploads\/2024\/10\/universpiles-1-jpg.webp\" class=\"attachment-full size-full wp-image-3590\" alt=\"\" srcset=\"https:\/\/www.parla-trading.com\/wp-content\/uploads\/2024\/10\/universpiles-1-jpg.webp 1920w, https:\/\/www.parla-trading.com\/wp-content\/uploads\/2024\/10\/universpiles-1-300x44.webp 300w, https:\/\/www.parla-trading.com\/wp-content\/uploads\/2024\/10\/universpiles-1-1024x149.webp 1024w, https:\/\/www.parla-trading.com\/wp-content\/uploads\/2024\/10\/universpiles-1-768x112.webp 768w, https:\/\/www.parla-trading.com\/wp-content\/uploads\/2024\/10\/universpiles-1-1536x224.webp 1536w, https:\/\/www.parla-trading.com\/wp-content\/uploads\/2024\/10\/universpiles-1-600x88.webp 600w\" sizes=\"(max-width: 1920px) 100vw, 1920px\" \/>\t\t\t\t\t\t\t\t\t\t\t\t\t\t\t<\/div>\n\t\t\t\t<\/div>\n\t\t\t\t<\/div>\n\t\t<div class=\"elementor-element elementor-element-de820f3 e-flex e-con-boxed e-con e-parent\" data-id=\"de820f3\" data-element_type=\"container\">\n\t\t\t\t\t<div class=\"e-con-inner\">\n\t\t\t\t<div class=\"elementor-element elementor-element-bb0a06d elementor-widget elementor-widget-nt_widget_breadcrumb\" data-id=\"bb0a06d\" data-element_type=\"widget\" data-widget_type=\"nt_widget_breadcrumb.default\">\n\t\t\t\t<div class=\"elementor-widget-container\">\n\t\t\t\t\t<div class=\"nt-breadcrumb-wrapper\">\r\n    <div class=\"nt-breadcrumb\" id=\"breadcrumbs\"><ul><li><a href=\"https:\/\/www.parla-trading.com\/en\/\">Home<\/a><\/li><\/ul><\/div><\/div>\r\n\t\t\t\t<\/div>\n\t\t\t\t<\/div>\n\t\t\t\t\t<\/div>\n\t\t\t\t<\/div>\n\t\t<div class=\"elementor-element elementor-element-c95485d e-flex e-con-boxed e-con e-parent\" data-id=\"c95485d\" data-element_type=\"container\">\n\t\t\t\t\t<div class=\"e-con-inner\">\n\t\t\t\t<div class=\"elementor-element elementor-element-b271a50 elementor-widget elementor-widget-heading\" data-id=\"b271a50\" data-element_type=\"widget\" data-widget_type=\"heading.default\">\n\t\t\t\t<div class=\"elementor-widget-container\">\n\t\t\t\t\t<h1 class=\"elementor-heading-title elementor-size-default\">My favorite products<\/h1>\t\t\t\t<\/div>\n\t\t\t\t<\/div>\n\t\t\t\t\t<\/div>\n\t\t\t\t<\/div>\n\t\t<div class=\"elementor-element elementor-element-446ecf9 e-flex e-con-boxed e-con e-parent\" data-id=\"446ecf9\" data-element_type=\"container\">\n\t\t\t\t\t<div class=\"e-con-inner\">\n\t\t\t\t<div class=\"elementor-element elementor-element-439a38f elementor-widget elementor-widget-woocommerce-notices\" data-id=\"439a38f\" data-element_type=\"widget\" data-widget_type=\"woocommerce-notices.default\">\n\t\t\t\t<div class=\"elementor-widget-container\">\n\t\t\t\t\t\t\t<style>\n\t\t\t.woocommerce-notices-wrapper,\n\t\t\t.woocommerce-message,\n\t\t\t.woocommerce-error,\n\t\t\t.woocommerce-info {\n\t\t\t\tdisplay: none;\n\t\t\t}\n\t\t<\/style>\n\t\t\t\t\t<div class=\"e-woocommerce-notices-wrapper e-woocommerce-notices-wrapper-loading\">\n\t\t\t\t<div class=\"woocommerce-notices-wrapper\"><\/div>\t\t\t<\/div>\n\t\t\t\t\t\t\t<\/div>\n\t\t\t\t<\/div>\n\t\t\t\t<div class=\"elementor-element elementor-element-2b79d44 elementor-widget elementor-widget-nt_wishlist\" data-id=\"2b79d44\" data-element_type=\"widget\" data-widget_type=\"nt_wishlist.default\">\n\t\t\t\t<div class=\"elementor-widget-container\">\n\t\t\t\t\t<div class=\"nt-wishlist nt-wishlist--with-add-to-cart\">\r\n    <div class=\"nt-product-table-view\">\r\n        <div class=\"nt-product-table-view__list-wrapper\">\r\n                                        <p class=\"nt-product-table-view__not_found\">Aucun produit dans vos favoris.<\/p>\r\n                    <\/div>\r\n    <\/div>\r\n<\/div>\t\t\t\t<\/div>\n\t\t\t\t<\/div>\n\t\t\t\t\t<\/div>\n\t\t\t\t<\/div>\n\t\t\t\t<\/div>\n\t\t","protected":false},"excerpt":{"rendered":"<p>Accueil Produit(s) ajout\u00e9(s) au panier ! DURACELL 28L (1 BLISTER DE 1 BATERIE) R\u00e9f\u00e9rence : B000CSK8FM 10,32&nbsp;&euro; Quantit\u00e9 Ajouter au panier<\/p>\n","protected":false},"author":1,"featured_media":0,"parent":0,"menu_order":0,"comment_status":"closed","ping_status":"closed","template":"","meta":{"_acf_changed":false,"footnotes":""},"categories":[],"tags":[],"class_list":["post-3670","page","type-page","status-publish","hentry"],"acf":[],"yoast_head":"<!-- This site is optimized with the Yoast SEO plugin v26.2 - https:\/\/yoast.com\/wordpress\/plugins\/seo\/ -->\n<title>My favorite products - Parla<\/title>\n<meta name=\"robots\" content=\"index, follow, max-snippet:-1, max-image-preview:large, max-video-preview:-1\" \/>\n<link rel=\"canonical\" href=\"https:\/\/www.parla-trading.com\/en\/my-favorite-products\/\" \/>\n<meta property=\"og:locale\" content=\"en_US\" \/>\n<meta property=\"og:type\" content=\"article\" \/>\n<meta property=\"og:title\" content=\"My favorite products - Parla\" \/>\n<meta property=\"og:description\" content=\"Accueil Produit(s) ajout\u00e9(s) au panier ! DURACELL 28L (1 BLISTER DE 1 BATERIE) R\u00e9f\u00e9rence : B000CSK8FM 10,32&nbsp;&euro; Quantit\u00e9 Ajouter au panier\" \/>\n<meta property=\"og:url\" content=\"https:\/\/www.parla-trading.com\/en\/my-favorite-products\/\" \/>\n<meta property=\"og:site_name\" content=\"Parla\" \/>\n<meta property=\"article:modified_time\" content=\"2024-12-10T11:59:20+00:00\" \/>\n<meta property=\"og:image\" content=\"https:\/\/ho8qv0bkmjo.preview.infomaniak.website\/wp-content\/uploads\/2024\/10\/universpiles-1-jpg.webp\" \/>\n<meta name=\"twitter:card\" content=\"summary_large_image\" \/>\n<script type=\"application\/ld+json\" class=\"yoast-schema-graph\">{\"@context\":\"https:\/\/schema.org\",\"@graph\":[{\"@type\":\"WebPage\",\"@id\":\"https:\/\/www.parla-trading.com\/en\/my-favorite-products\/\",\"url\":\"https:\/\/www.parla-trading.com\/en\/my-favorite-products\/\",\"name\":\"My favorite products - Parla\",\"isPartOf\":{\"@id\":\"https:\/\/www.parla-trading.com\/en\/#website\"},\"primaryImageOfPage\":{\"@id\":\"https:\/\/www.parla-trading.com\/en\/my-favorite-products\/#primaryimage\"},\"image\":{\"@id\":\"https:\/\/www.parla-trading.com\/en\/my-favorite-products\/#primaryimage\"},\"thumbnailUrl\":\"https:\/\/ho8qv0bkmjo.preview.infomaniak.website\/wp-content\/uploads\/2024\/10\/universpiles-1-jpg.webp\",\"datePublished\":\"2024-08-30T13:15:02+00:00\",\"dateModified\":\"2024-12-10T11:59:20+00:00\",\"breadcrumb\":{\"@id\":\"https:\/\/www.parla-trading.com\/en\/my-favorite-products\/#breadcrumb\"},\"inLanguage\":\"en-US\",\"potentialAction\":[{\"@type\":\"ReadAction\",\"target\":[\"https:\/\/www.parla-trading.com\/en\/my-favorite-products\/\"]}]},{\"@type\":\"ImageObject\",\"inLanguage\":\"en-US\",\"@id\":\"https:\/\/www.parla-trading.com\/en\/my-favorite-products\/#primaryimage\",\"url\":\"https:\/\/ho8qv0bkmjo.preview.infomaniak.website\/wp-content\/uploads\/2024\/10\/universpiles-1-jpg.webp\",\"contentUrl\":\"https:\/\/ho8qv0bkmjo.preview.infomaniak.website\/wp-content\/uploads\/2024\/10\/universpiles-1-jpg.webp\"},{\"@type\":\"BreadcrumbList\",\"@id\":\"https:\/\/www.parla-trading.com\/en\/my-favorite-products\/#breadcrumb\",\"itemListElement\":[{\"@type\":\"ListItem\",\"position\":1,\"name\":\"Accueil\",\"item\":\"https:\/\/www.parla-trading.com\/en\/\"},{\"@type\":\"ListItem\",\"position\":2,\"name\":\"My favorite products\"}]},{\"@type\":\"WebSite\",\"@id\":\"https:\/\/www.parla-trading.com\/en\/#website\",\"url\":\"https:\/\/www.parla-trading.com\/en\/\",\"name\":\"Parla\",\"description\":\"The specialist for all your types of batteries at preferential prices\",\"publisher\":{\"@id\":\"https:\/\/www.parla-trading.com\/en\/#organization\"},\"potentialAction\":[{\"@type\":\"SearchAction\",\"target\":{\"@type\":\"EntryPoint\",\"urlTemplate\":\"https:\/\/www.parla-trading.com\/en\/?s={search_term_string}\"},\"query-input\":{\"@type\":\"PropertyValueSpecification\",\"valueRequired\":true,\"valueName\":\"search_term_string\"}}],\"inLanguage\":\"en-US\"},{\"@type\":\"Organization\",\"@id\":\"https:\/\/www.parla-trading.com\/en\/#Organization\/\",\"name\":\"Parla\",\"url\":\"https:\/\/www.parla-trading.com\/en\/\",\"logo\":{\"@type\":\"ImageObject\",\"inLanguage\":\"en-US\",\"@id\":\"https:\/\/www.parla-trading.com\/en\/#\/schema\/logo\/image\/\",\"url\":\"https:\/\/www.parla-trading.com\/wp-content\/uploads\/2024\/08\/logoparla-1.png\",\"contentUrl\":\"https:\/\/www.parla-trading.com\/wp-content\/uploads\/2024\/08\/logoparla-1.png\",\"width\":246,\"height\":56,\"caption\":\"Parla\"},\"image\":{\"@id\":\"https:\/\/www.parla-trading.com\/en\/#\/schema\/logo\/image\/\"}}]}<\/script>\n<!-- \/ Yoast SEO plugin. -->","yoast_head_json":{"title":"My favorite products - Parla","robots":{"index":"index","follow":"follow","max-snippet":"max-snippet:-1","max-image-preview":"max-image-preview:large","max-video-preview":"max-video-preview:-1"},"canonical":"https:\/\/www.parla-trading.com\/en\/my-favorite-products\/","og_locale":"en_US","og_type":"article","og_title":"My favorite products - Parla","og_description":"Accueil Produit(s) ajout\u00e9(s) au panier ! DURACELL 28L (1 BLISTER DE 1 BATERIE) R\u00e9f\u00e9rence : B000CSK8FM 10,32&nbsp;&euro; Quantit\u00e9 Ajouter au panier","og_url":"https:\/\/www.parla-trading.com\/en\/my-favorite-products\/","og_site_name":"Parla","article_modified_time":"2024-12-10T11:59:20+00:00","og_image":[{"url":"https:\/\/ho8qv0bkmjo.preview.infomaniak.website\/wp-content\/uploads\/2024\/10\/universpiles-1-jpg.webp","type":"","width":"","height":""}],"twitter_card":"summary_large_image","schema":{"@context":"https:\/\/schema.org","@graph":[{"@type":"WebPage","@id":"https:\/\/www.parla-trading.com\/en\/my-favorite-products\/","url":"https:\/\/www.parla-trading.com\/en\/my-favorite-products\/","name":"My favorite products - Parla","isPartOf":{"@id":"https:\/\/www.parla-trading.com\/en\/#website"},"primaryImageOfPage":{"@id":"https:\/\/www.parla-trading.com\/en\/my-favorite-products\/#primaryimage"},"image":{"@id":"https:\/\/www.parla-trading.com\/en\/my-favorite-products\/#primaryimage"},"thumbnailUrl":"https:\/\/ho8qv0bkmjo.preview.infomaniak.website\/wp-content\/uploads\/2024\/10\/universpiles-1-jpg.webp","datePublished":"2024-08-30T13:15:02+00:00","dateModified":"2024-12-10T11:59:20+00:00","breadcrumb":{"@id":"https:\/\/www.parla-trading.com\/en\/my-favorite-products\/#breadcrumb"},"inLanguage":"en-US","potentialAction":[{"@type":"ReadAction","target":["https:\/\/www.parla-trading.com\/en\/my-favorite-products\/"]}]},{"@type":"ImageObject","inLanguage":"en-US","@id":"https:\/\/www.parla-trading.com\/en\/my-favorite-products\/#primaryimage","url":"https:\/\/ho8qv0bkmjo.preview.infomaniak.website\/wp-content\/uploads\/2024\/10\/universpiles-1-jpg.webp","contentUrl":"https:\/\/ho8qv0bkmjo.preview.infomaniak.website\/wp-content\/uploads\/2024\/10\/universpiles-1-jpg.webp"},{"@type":"BreadcrumbList","@id":"https:\/\/www.parla-trading.com\/en\/my-favorite-products\/#breadcrumb","itemListElement":[{"@type":"ListItem","position":1,"name":"Accueil","item":"https:\/\/www.parla-trading.com\/en\/"},{"@type":"ListItem","position":2,"name":"My favorite products"}]},{"@type":"WebSite","@id":"https:\/\/www.parla-trading.com\/en\/#website","url":"https:\/\/www.parla-trading.com\/en\/","name":"Parla","description":"The specialist for all your types of batteries at preferential prices","publisher":{"@id":"https:\/\/www.parla-trading.com\/en\/#organization"},"potentialAction":[{"@type":"SearchAction","target":{"@type":"EntryPoint","urlTemplate":"https:\/\/www.parla-trading.com\/en\/?s={search_term_string}"},"query-input":{"@type":"PropertyValueSpecification","valueRequired":true,"valueName":"search_term_string"}}],"inLanguage":"en-US"},{"@type":"Organization","@id":"https:\/\/www.parla-trading.com\/en\/#Organization\/","name":"Parla","url":"https:\/\/www.parla-trading.com\/en\/","logo":{"@type":"ImageObject","inLanguage":"en-US","@id":"https:\/\/www.parla-trading.com\/en\/#\/schema\/logo\/image\/","url":"https:\/\/www.parla-trading.com\/wp-content\/uploads\/2024\/08\/logoparla-1.png","contentUrl":"https:\/\/www.parla-trading.com\/wp-content\/uploads\/2024\/08\/logoparla-1.png","width":246,"height":56,"caption":"Parla"},"image":{"@id":"https:\/\/www.parla-trading.com\/en\/#\/schema\/logo\/image\/"}}]}},"_links":{"self":[{"href":"https:\/\/www.parla-trading.com\/en\/wp-json\/wp\/v2\/pages\/3670","targetHints":{"allow":["GET"]}}],"collection":[{"href":"https:\/\/www.parla-trading.com\/en\/wp-json\/wp\/v2\/pages"}],"about":[{"href":"https:\/\/www.parla-trading.com\/en\/wp-json\/wp\/v2\/types\/page"}],"author":[{"embeddable":true,"href":"https:\/\/www.parla-trading.com\/en\/wp-json\/wp\/v2\/users\/1"}],"replies":[{"embeddable":true,"href":"https:\/\/www.parla-trading.com\/en\/wp-json\/wp\/v2\/comments?post=3670"}],"version-history":[{"count":1,"href":"https:\/\/www.parla-trading.com\/en\/wp-json\/wp\/v2\/pages\/3670\/revisions"}],"predecessor-version":[{"id":3672,"href":"https:\/\/www.parla-trading.com\/en\/wp-json\/wp\/v2\/pages\/3670\/revisions\/3672"}],"wp:attachment":[{"href":"https:\/\/www.parla-trading.com\/en\/wp-json\/wp\/v2\/media?parent=3670"}],"wp:term":[{"taxonomy":"category","embeddable":true,"href":"https:\/\/www.parla-trading.com\/en\/wp-json\/wp\/v2\/categories?post=3670"},{"taxonomy":"post_tag","embeddable":true,"href":"https:\/\/www.parla-trading.com\/en\/wp-json\/wp\/v2\/tags?post=3670"}],"curies":[{"name":"wp","href":"https:\/\/api.w.org\/{rel}","templated":true}]}}